{"id":4092,"date":"2022-09-27T00:38:12","date_gmt":"2022-09-26T22:38:12","guid":{"rendered":"https:\/\/piano-piano.org\/?page_id=4092"},"modified":"2025-10-25T21:35:36","modified_gmt":"2025-10-25T19:35:36","slug":"lequipe","status":"publish","type":"page","link":"https:\/\/piano-piano.org\/en\/lassociation\/lequipe\/","title":{"rendered":"L&rsquo;\u00e9quipe"},"content":{"rendered":"<div  data-font-color=\"dark\" class=\"wvc-clearfix  wvc-row wvc-parent-row wvc-row-width-wide wvc-row-layout-column wvc-video-bg-is-mute wvc-row-bg-effect-none wvc-row-bg-default wvc-font-dark wvc-border-color-none wvc-background-color-default wvc-row-content-placement-default wvc-row-columns-placement-default section\" style=\"\"><div class=\"wvc-row-wrapper wvc-row-wrapper-width-standard wvc-row-column-equal-height-no\" style=\"\"><div class=\"wvc-row-content\"><div class=\"wvc-columns-container\" style=\"\"><div id=\"wvc-col-7367\" class=\"wvc-col-12 wvc-column wvc-column-content-placement-default wvc-column-content-type-default wvc-column-content-alignment-center wvc-column-text-alignment-default\" data-base-width-int=\"12\" style=\"\"><div class=\"wvc-column-container wvc-column-bg-default wvc-column-bg-effect-none wvc-font-inherit wvc-column-font-inherit wvc-column-style-none wvc-border-color-none wvc-background-color-default\" style=\"\"><div class=\"wvc-column-inner\"><div class=\"wvc-column-wrapper wpb_wrapper\" style=\"\"><div  class=\"wvc-mobile-text-align- wvc-breadcrumb wvc-element wvc-text-left\" style=\"margin-bottom:20px;font-size:14px;\"><ol class=\"wvc-breadcrumb-list\" itemscope itemtype=\"https:\/\/schema.org\/BreadcrumbList\"><li itemprop=\"itemListElement\" itemscope\n itemtype=\"https:\/\/schema.org\/ListItem\"><a itemprop=\"item\" href=\"https:\/\/piano-piano.org\/en\/\"><span itemprop=\"name\">page-accueil<\/span><\/a><meta itemprop='position' content='1' \/><\/li><span class=\"wvc-breadcrumb-delimiter\">\/<\/span><\/ol><\/div><\/div><!--.wvc-column-wrapper--><\/div><!--.wvc-column-inner--><\/div><!--.wvc-column-container--><\/div><!--.wvc-column--><\/div><!--.wvc-columns-container--><\/div><!--.wvc-row-content--><\/div><!--.wvc-row-wrapper--><\/div><!--.wvc-row--><div  data-font-color=\"dark\" class=\"wvc-clearfix  wvc-row wvc-parent-row wvc-row-width-wide wvc-row-layout-column wvc-video-bg-is-mute wvc-row-bg-effect-none wvc-row-bg-default wvc-font-dark wvc-border-color-none wvc-background-color-default wvc-row-content-placement-default wvc-row-columns-placement-default section\" style=\"\"><div class=\"wvc-row-wrapper wvc-row-wrapper-width-standard wvc-row-column-equal-height-no\" style=\"\"><div class=\"wvc-row-content\"><div class=\"wvc-columns-container\" style=\"\"><div id=\"wvc-col-1776\" class=\"wvc-col-12 wvc-column wvc-column-content-placement-default wvc-column-content-type-default wvc-column-content-alignment-center wvc-column-text-alignment-default\" data-base-width-int=\"12\" style=\"\"><div class=\"wvc-column-container wvc-column-bg-default wvc-column-bg-effect-none wvc-font-inherit wvc-column-font-inherit wvc-column-style-none wvc-border-color-none wvc-background-color-default\" style=\"\"><div class=\"wvc-column-inner\"><div class=\"wvc-column-wrapper wpb_wrapper\" style=\"\"><div class=\"wvc-custom-heading wvc-element wvc-text-align-left\" style=\"margin-bottom:25px;\"><h2 style=\"font-size:40px;font-weight:700;text-align:left;line-height:1.5;\" class=\"wvc-mobile-text-align- wvc-text-color-default\"\n\t\tdata-heading-text=\"La direction artistique\"\n\t\tdata-max-font-size=\"40\"\n\t\tdata-min-font-size=\"18\">Artistic direction<\/h2><\/div><\/div><!--.wvc-column-wrapper--><\/div><!--.wvc-column-inner--><\/div><!--.wvc-column-container--><\/div><!--.wvc-column--><\/div><!--.wvc-columns-container--><\/div><!--.wvc-row-content--><\/div><!--.wvc-row-wrapper--><\/div><!--.wvc-row--><div  data-font-color=\"dark\" class=\"wvc-clearfix  wvc-row wvc-parent-row wvc-row-width-wide wvc-row-layout-column wvc-video-bg-is-mute wvc-row-bg-effect-none wvc-row-bg-default wvc-font-dark wvc-border-color-none wvc-background-color-default wvc-row-content-placement-default wvc-row-columns-placement-default section\" style=\"padding-bottom:40px;\"><div class=\"wvc-row-wrapper wvc-row-wrapper-width-standard wvc-row-column-equal-height-\" style=\"\"><div class=\"wvc-row-content\"><div class=\"wvc-columns-container\" style=\"\"><div id=\"wvc-col-3417\" class=\"wvc-col-6 wvc-column wvc-column-content-placement-default wvc-column-content-type-default wvc-column-content-alignment-center wvc-column-text-alignment-default\" data-base-width-int=\"6\" style=\"\"><div class=\"wvc-column-container wvc-column-bg-default wvc-column-bg-effect-none wvc-font-inherit wvc-column-font-inherit wvc-column-style-none wvc-border-color-none wvc-background-color-default\" style=\"\"><div class=\"wvc-column-inner\"><div class=\"wvc-column-wrapper wpb_wrapper\" style=\"\"><div class=\"wvc-single-image-alignement-center wvc-single-image-shape-default wvc-element\" style=\"\"><figure class=\"wvc-mobile-text-align- wvc-single-image-full-width wvc-single-image wvc-single-image-overlay- wvc-single-image-hover-effect-default wvc-single-image-border- wvc-single-image-shadow- wvc-single-image-add-caption-\" style=\"opacity:1;\"><span class=\"wvc-img wvc-img-hover-effect-default\"><img width=\"2560\" height=\"2222\" src=\"https:\/\/piano-piano.org\/wp-content\/uploads\/2022\/09\/Berlinskaia-Ancelle-\u00a9Ira-Polyarnaya-7-2-scaled.jpg\" class=\"\" alt=\"\" loading=\"lazy\" srcset=\"https:\/\/piano-piano.org\/wp-content\/uploads\/2022\/09\/Berlinskaia-Ancelle-\u00a9Ira-Polyarnaya-7-2-scaled.jpg 2560w, https:\/\/piano-piano.org\/wp-content\/uploads\/2022\/09\/Berlinskaia-Ancelle-\u00a9Ira-Polyarnaya-7-2-scaled-1536x1333.jpg 1536w, https:\/\/piano-piano.org\/wp-content\/uploads\/2022\/09\/Berlinskaia-Ancelle-\u00a9Ira-Polyarnaya-7-2-scaled-2048x1778.jpg 2048w, https:\/\/piano-piano.org\/wp-content\/uploads\/2022\/09\/Berlinskaia-Ancelle-\u00a9Ira-Polyarnaya-7-2-scaled-657x570.jpg 657w, https:\/\/piano-piano.org\/wp-content\/uploads\/2022\/09\/Berlinskaia-Ancelle-\u00a9Ira-Polyarnaya-7-2-scaled-500x434.jpg 500w, https:\/\/piano-piano.org\/wp-content\/uploads\/2022\/09\/Berlinskaia-Ancelle-\u00a9Ira-Polyarnaya-7-2-scaled-550x477.jpg 550w, https:\/\/piano-piano.org\/wp-content\/uploads\/2022\/09\/Berlinskaia-Ancelle-\u00a9Ira-Polyarnaya-7-2-scaled-400x347.jpg 400w, https:\/\/piano-piano.org\/wp-content\/uploads\/2022\/09\/Berlinskaia-Ancelle-\u00a9Ira-Polyarnaya-7-2-scaled-1920x1667.jpg 1920w, https:\/\/piano-piano.org\/wp-content\/uploads\/2022\/09\/Berlinskaia-Ancelle-\u00a9Ira-Polyarnaya-7-2-scaled-1200x1042.jpg 1200w, https:\/\/piano-piano.org\/wp-content\/uploads\/2022\/09\/Berlinskaia-Ancelle-\u00a9Ira-Polyarnaya-7-2-scaled-2000x1736.jpg 2000w\" sizes=\"(max-width: 2560px) 100vw, 2560px\" \/><\/span><\/figure><\/div><\/div><!--.wvc-column-wrapper--><\/div><!--.wvc-column-inner--><\/div><!--.wvc-column-container--><\/div><!--.wvc-column--><div id=\"wvc-col-8844\" class=\"wvc-col-6 wvc-column wvc-column-content-placement-default wvc-column-content-type-default wvc-column-content-alignment-center wvc-column-text-alignment-default\" data-base-width-int=\"6\" style=\"\"><div class=\"wvc-column-container wvc-column-bg-default wvc-column-bg-effect-none wvc-font-inherit wvc-column-font-inherit wvc-column-style-none wvc-border-color-none wvc-background-color-default\" style=\"\"><div class=\"wvc-column-inner\"><div class=\"wvc-column-wrapper wpb_wrapper\" style=\"\"><div class=\"vc_empty_space\"   style=\"height: 24px\" ><span class=\"vc_empty_space_inner\"><\/span><\/div><div class=\"wvc-text-block wvc-clearfix wvc-element wvc-mobile-text-align-\" style=\"margin-bottom:20px;\"><div class=\"wbp_wrapper\"><p><strong><span style=\"font-size: 20pt\">Ludmila Berlinska\u00efa and Arthur Ancelle<\/span><\/strong><\/p>\n<p><em> \u00ab The Franco-Russian duo never stops climbing musical heights\u00bb<\/em> Le Monde<br \/>\n<em>\u00ab\u202fYear after year, these two become the leaders of original and explosive piano duo. \u00bb<\/em> Lib\u00e9ration<\/p>\n<p>Drawing their strength from a taste for sharing, risk and exploration, Ludmila Berlinska\u00efa and Arthur Ancelle are two inseparable pianists, a close couple on and off stage.<\/p>\n<p><em>\u00ab Sensational Pianists\u202f\u00bb<\/em> (Fanfare), <em>\u00ab\u202fbrilliant, playful\u202f\u00bb<\/em> (Diapason), <em>\u00ab\u202fcultivating their duality in a supernatural dimension\u202f\u00bb<\/em> (Le Monde), their <em>\u00ab\u202fsuperb technique\u202f\u00bb<\/em> (Classica), their \u00ab<em> synchronization giving the impression of a single pianist \u00bb<\/em> (musicweb-international), and their <em>\u00ab truly dazzling playing\u202f\u00bb<\/em> (fonoforum) place them among the leading piano duo on the international scene.<\/p>\n<\/div><!--.wbp_wrapper--><\/div><!--.wvc-text-block--><\/div><!--.wvc-column-wrapper--><\/div><!--.wvc-column-inner--><\/div><!--.wvc-column-container--><\/div><!--.wvc-column--><\/div><!--.wvc-columns-container--><\/div><!--.wvc-row-content--><\/div><!--.wvc-row-wrapper--><\/div><!--.wvc-row--><div  data-font-color=\"dark\" class=\"wvc-clearfix  wvc-row wvc-parent-row wvc-row-width-wide wvc-row-layout-column wvc-video-bg-is-mute wvc-row-bg-effect-none wvc-row-bg-default wvc-font-dark wvc-border-color-none wvc-background-color-default wvc-row-content-placement-default wvc-row-columns-placement-default section\" style=\"\"><div class=\"wvc-row-wrapper wvc-row-wrapper-width-standard wvc-row-column-equal-height-no\" style=\"\"><div class=\"wvc-row-content\"><div class=\"wvc-columns-container\" style=\"\"><div id=\"wvc-col-8918\" class=\"wvc-col-12 wvc-column wvc-column-content-placement-default wvc-column-content-type-default wvc-column-content-alignment-center wvc-column-text-alignment-default\" data-base-width-int=\"12\" style=\"\"><div class=\"wvc-column-container wvc-column-bg-default wvc-column-bg-effect-none wvc-font-inherit wvc-column-font-inherit wvc-column-style-none wvc-border-color-none wvc-background-color-default\" style=\"\"><div class=\"wvc-column-inner\"><div class=\"wvc-column-wrapper wpb_wrapper\" style=\"\"><div class=\"wvc-text-block wvc-clearfix wvc-element wvc-mobile-text-align-\" style=\"margin-bottom:20px;\"><div class=\"wbp_wrapper\"><p>Both coming from a lineage of famous performers, both accomplished soloists, Ludmila Berlinskaia and Arthur Ancelle form a duo symbolized by constant harmony. Thanks to their energy on stage, their original programs, new concert formats and an exchange with the public, they aim to contribute to giving the piano duo a place on the same playing field as other chamber music groups.<\/p>\n<p>In a short time, the duo has built up a rich repertoire of the greatest \"hits\" for two pianos and four hands, rare works, exploring both original compositions and transcriptions enriched by the many achievements of Arthur Ancelle: Francesca da Rimini (Jurgenson), Romeo &amp; Juliet (The Song of the World), After a reading of Dante etc.<br \/>\nEach season, they are the hosts of the most beautiful halls: Auditorium of Radio France, Salle Gaveau, Philharmonies of Moscow and Saint-Petersburg, Salle Zaryadye, Moscow Conservatory, and they make their debut at the Philharmonie de Paris in 2022.<br \/>\nGuests of prestigious festivals, such as the Sommets Musicaux de Gstaad, the December Nights festival in Moscow, the Tokyo Spring Festival, Rota das Artes in Lisbon, Klavier Rarit\u00e4ten in Husum, the Lisztomanias, the Solistes at Bagatelle or the Pianofolies of Le Touquet, they also collaborate with renowned orchestras, such as the Saint-Petersburg Philharmonic Orchestra, the Freiburg Philharmonic Orchestra, the Ulsan Philharmonic Orchestra, the National Orchestre of Ile de France, the Orchestra of Picardy, and chefs of all generations: Nikolai Alexeev, Arie Van Beek, Jader Bignamini, Lucie Leguay, Rebecca Tong\u2026<\/p>\n<p>Backed by an intense recording activity as a duo, soloists and chamber musicians, Ludmila Berlinska\u00efa and Arthur Ancelle have already released 8 albums together, all extremely well received and awarded by the international press (Editor's Choice of Gramophone, Choc of Classica , Album of the Year from Le Monde newspaper and Liberation newspaper, Pianist Maestro, etc.).<\/p>\n<p>Their creativity and their desire to share is also expressed through the artistic direction of two festivals: La Cl\u00e9 des Portes, created in 2012  which takes place in the enchanting setting of the Loire castles, and the Rungis Piano-Piano Festival, entirely dedicated to the world of 2-pianos and 4-hands.<\/p>\n<\/div><!--.wbp_wrapper--><\/div><!--.wvc-text-block--><\/div><!--.wvc-column-wrapper--><\/div><!--.wvc-column-inner--><\/div><!--.wvc-column-container--><\/div><!--.wvc-column--><\/div><!--.wvc-columns-container--><\/div><!--.wvc-row-content--><\/div><!--.wvc-row-wrapper--><\/div><!--.wvc-row--><div  data-font-color=\"dark\" class=\"wvc-clearfix  wvc-row wvc-parent-row wvc-row-width-wide wvc-row-layout-column wvc-video-bg-is-mute wvc-row-bg-effect-none wvc-row-bg-default wvc-font-dark wvc-border-color-none wvc-background-color-default wvc-row-content-placement-default wvc-row-columns-placement-default section\" style=\"\"><div class=\"wvc-row-wrapper wvc-row-wrapper-width-standard wvc-row-column-equal-height-no\" style=\"\"><div class=\"wvc-row-content\"><div class=\"wvc-columns-container\" style=\"\"><div id=\"wvc-col-8972\" class=\"wvc-col-12 wvc-column wvc-column-content-placement-default wvc-column-content-type-default wvc-column-content-alignment-center wvc-column-text-alignment-default\" data-base-width-int=\"12\" style=\"\"><div class=\"wvc-column-container wvc-column-bg-default wvc-column-bg-effect-none wvc-font-inherit wvc-column-font-inherit wvc-column-style-none wvc-border-color-none wvc-background-color-default\" style=\"\"><div class=\"wvc-column-inner\"><div class=\"wvc-column-wrapper wpb_wrapper\" style=\"\"><div class=\"vc_empty_space\"   style=\"height: 28px\" ><span class=\"vc_empty_space_inner\"><\/span><\/div><div class=\"wvc-custom-heading wvc-element wvc-text-align-left\" style=\"margin-bottom:20px;\"><h2 style=\"font-size:40px;font-weight:700;text-align:left;line-height:1.5;\" class=\"wvc-mobile-text-align- wvc-text-color-default\"\n\t\tdata-heading-text=\"Le Conseil d\u2019administration\"\n\t\tdata-max-font-size=\"40\"\n\t\tdata-min-font-size=\"18\">Board of Directors<\/h2><\/div><div class=\"wvc-text-block wvc-clearfix wvc-element wvc-mobile-text-align-\" style=\"margin-bottom:20px;\"><div class=\"wbp_wrapper\"><p><strong>Antoine Bruno<\/strong>, President of the Association<br \/>\n<strong>Fr\u00e9d\u00e9ric Hutman<\/strong>, Secretary<br \/>\n<strong>Hector Ulloque<\/strong>, Treasurer<br \/>\n<strong>Maria Matalaev<\/strong><br \/>\n<strong>V\u00e9ronique Bastide<\/strong><br \/>\n<strong>Ludmila Berlinskaia<\/strong><br \/>\n<strong>Arthur Ancelle<\/strong><\/p>\n<\/div><!--.wbp_wrapper--><\/div><!--.wvc-text-block--><\/div><!--.wvc-column-wrapper--><\/div><!--.wvc-column-inner--><\/div><!--.wvc-column-container--><\/div><!--.wvc-column--><\/div><!--.wvc-columns-container--><\/div><!--.wvc-row-content--><\/div><!--.wvc-row-wrapper--><\/div><!--.wvc-row--><div  data-font-color=\"dark\" class=\"wvc-clearfix  wvc-row wvc-parent-row wvc-row-width-wide wvc-row-layout-column wvc-video-bg-is-mute wvc-row-bg-effect-none wvc-row-bg-default wvc-font-dark wvc-border-color-none wvc-background-color-default wvc-row-content-placement-default wvc-row-columns-placement-default section\" style=\"\"><div class=\"wvc-row-wrapper wvc-row-wrapper-width-standard wvc-row-column-equal-height-no\" style=\"\"><div class=\"wvc-row-content\"><div class=\"wvc-columns-container\" style=\"\"><div id=\"wvc-col-6842\" class=\"wvc-col-12 wvc-column wvc-column-content-placement-default wvc-column-content-type-default wvc-column-content-alignment-center wvc-column-text-alignment-default\" data-base-width-int=\"12\" style=\"\"><div class=\"wvc-column-container wvc-column-bg-default wvc-column-bg-effect-none wvc-font-inherit wvc-column-font-inherit wvc-column-style-none wvc-border-color-none wvc-background-color-default\" style=\"\"><div class=\"wvc-column-inner\"><div class=\"wvc-column-wrapper wpb_wrapper\" style=\"\"><div class=\"vc_empty_space\"   style=\"height: 28px\" ><span class=\"vc_empty_space_inner\"><\/span><\/div><div class=\"wvc-custom-heading wvc-element wvc-text-align-left\" style=\"margin-bottom:25px;\"><h2 style=\"font-size:40px;font-weight:700;text-align:left;line-height:1.5;\" class=\"wvc-mobile-text-align- wvc-text-color-default\"\n\t\tdata-heading-text=\"Le comit\u00e9 d\u2019honneur\"\n\t\tdata-max-font-size=\"40\"\n\t\tdata-min-font-size=\"18\">Honorary Committee<\/h2><\/div><div class=\"wvc-text-block wvc-clearfix wvc-element wvc-mobile-text-align-\" style=\"margin-bottom:20px;\"><div class=\"wbp_wrapper\"><p>Le comit\u00e9 d&rsquo;honneur sera communiqu\u00e9 prochainement.<\/p>\n<\/div><!--.wbp_wrapper--><\/div><!--.wvc-text-block--><\/div><!--.wvc-column-wrapper--><\/div><!--.wvc-column-inner--><\/div><!--.wvc-column-container--><\/div><!--.wvc-column--><\/div><!--.wvc-columns-container--><\/div><!--.wvc-row-content--><\/div><!--.wvc-row-wrapper--><\/div><!--.wvc-row--><\/p>","protected":false},"excerpt":{"rendered":"page-accueil\/La direction artistiqueLudmila Berlinska\u00efa et Arthur Ancelle \u00ab Le duo franco-russe n\u2019en finit pas de gravir des sommets musicaux \u00bb Le Monde \u00ab D\u2019ann\u00e9e en ann\u00e9e, ces deux-l\u00e0 deviennent les cadors des duos de piano originaux et d\u00e9tonants. \u00bb Lib\u00e9ration Puisant leur force dans le go\u00fbt du partage, du risque et de l\u2019exploration, Ludmila Berlinska\u00efa...<p><a rel=\"bookmark\" class=\"kayo-button-simple wvc-button wvc-button-size-xs\" href=\"https:\/\/piano-piano.org\/en\/lassociation\/lequipe\/\"><span>Continue reading<\/span><\/a><\/p>","protected":false},"author":15,"featured_media":0,"parent":3854,"menu_order":0,"comment_status":"closed","ping_status":"closed","template":"","meta":{"_monsterinsights_skip_tracking":false,"_monsterinsights_sitenote_active":false,"_monsterinsights_sitenote_note":"","_monsterinsights_sitenote_category":0},"yoast_head":"<!-- This site is optimized with the Yoast SEO plugin v20.2.1 - https:\/\/yoast.com\/wordpress\/plugins\/seo\/ -->\n<title>L&#039;\u00e9quipe ~ Piano-Piano<\/title>\n<meta name=\"description\" content=\"The Piano-Piano association is an ambassador of the repertoire for piano duo\" \/>\n<meta name=\"robots\" content=\"index, follow, max-snippet:-1, max-image-preview:large, max-video-preview:-1\" \/>\n<link rel=\"canonical\" href=\"https:\/\/piano-piano.org\/en\/lassociation\/lequipe\/\" \/>\n<meta property=\"og:locale\" content=\"en_US\" \/>\n<meta property=\"og:type\" content=\"article\" \/>\n<meta property=\"og:title\" content=\"L&#039;\u00e9quipe ~ Piano-Piano\" \/>\n<meta property=\"og:description\" content=\"The Piano-Piano association is an ambassador of the repertoire for piano duo\" \/>\n<meta property=\"og:url\" content=\"https:\/\/piano-piano.org\/en\/lassociation\/lequipe\/\" \/>\n<meta property=\"og:site_name\" content=\"Piano-Piano\" \/>\n<meta property=\"article:publisher\" content=\"https:\/\/www.facebook.com\/RungisPianoPiano\/\" \/>\n<meta property=\"article:modified_time\" content=\"2025-10-25T19:35:36+00:00\" \/>\n<meta property=\"og:image\" content=\"https:\/\/piano-piano.org\/wp-content\/uploads\/2021\/05\/image-facebook.png\" \/>\n\t<meta property=\"og:image:width\" content=\"1200\" \/>\n\t<meta property=\"og:image:height\" content=\"627\" \/>\n\t<meta property=\"og:image:type\" content=\"image\/png\" \/>\n<meta name=\"twitter:card\" content=\"summary_large_image\" \/>\n<meta name=\"twitter:site\" content=\"@rungispiano\" \/>\n<meta name=\"twitter:label1\" content=\"Est. reading time\" \/>\n\t<meta name=\"twitter:data1\" content=\"3 minutes\" \/>\n<script type=\"application\/ld+json\" class=\"yoast-schema-graph\">{\"@context\":\"https:\/\/schema.org\",\"@graph\":[{\"@type\":\"WebPage\",\"@id\":\"https:\/\/piano-piano.org\/en\/lassociation\/lequipe\/\",\"url\":\"https:\/\/piano-piano.org\/en\/lassociation\/lequipe\/\",\"name\":\"L'\u00e9quipe ~ Piano-Piano\",\"isPartOf\":{\"@id\":\"https:\/\/piano-piano.org\/en\/#website\"},\"datePublished\":\"2022-09-26T22:38:12+00:00\",\"dateModified\":\"2025-10-25T19:35:36+00:00\",\"description\":\"The Piano-Piano association is an ambassador of the repertoire for piano duo\",\"breadcrumb\":{\"@id\":\"https:\/\/piano-piano.org\/en\/lassociation\/lequipe\/#breadcrumb\"},\"inLanguage\":\"en-US\",\"potentialAction\":[{\"@type\":\"ReadAction\",\"target\":[\"https:\/\/piano-piano.org\/en\/lassociation\/lequipe\/\"]}]},{\"@type\":\"BreadcrumbList\",\"@id\":\"https:\/\/piano-piano.org\/en\/lassociation\/lequipe\/#breadcrumb\",\"itemListElement\":[{\"@type\":\"ListItem\",\"position\":1,\"name\":\"Accueil\",\"item\":\"https:\/\/piano-piano.org\/\"},{\"@type\":\"ListItem\",\"position\":2,\"name\":\"l&rsquo;association\",\"item\":\"https:\/\/piano-piano.org\/lassociation\/\"},{\"@type\":\"ListItem\",\"position\":3,\"name\":\"L&#8217;\u00e9quipe\"}]},{\"@type\":\"WebSite\",\"@id\":\"https:\/\/piano-piano.org\/en\/#website\",\"url\":\"https:\/\/piano-piano.org\/en\/\",\"name\":\"Piano-Piano\",\"description\":\"\",\"publisher\":{\"@id\":\"https:\/\/piano-piano.org\/en\/#organization\"},\"potentialAction\":[{\"@type\":\"SearchAction\",\"target\":{\"@type\":\"EntryPoint\",\"urlTemplate\":\"https:\/\/piano-piano.org\/en\/?s={search_term_string}\"},\"query-input\":\"required name=search_term_string\"}],\"inLanguage\":\"en-US\"},{\"@type\":\"Organization\",\"@id\":\"https:\/\/piano-piano.org\/en\/#organization\",\"name\":\"Piano-Piano Association\",\"url\":\"https:\/\/piano-piano.org\/en\/\",\"logo\":{\"@type\":\"ImageObject\",\"inLanguage\":\"en-US\",\"@id\":\"https:\/\/piano-piano.org\/en\/#\/schema\/logo\/image\/\",\"url\":\"https:\/\/piano-piano.org\/wp-content\/uploads\/2022\/07\/motif-recadre-2022.png\",\"contentUrl\":\"https:\/\/piano-piano.org\/wp-content\/uploads\/2022\/07\/motif-recadre-2022.png\",\"width\":900,\"height\":600,\"caption\":\"Piano-Piano Association\"},\"image\":{\"@id\":\"https:\/\/piano-piano.org\/en\/#\/schema\/logo\/image\/\"},\"sameAs\":[\"https:\/\/www.facebook.com\/RungisPianoPiano\/\",\"https:\/\/twitter.com\/rungispiano\",\"https:\/\/www.instagram.com\/rungispianopiano\"]}]}<\/script>\n<!-- \/ Yoast SEO plugin. -->","yoast_head_json":{"title":"L'\u00e9quipe ~ Piano-Piano","description":"The Piano-Piano association is an ambassador of the repertoire for piano duo","robots":{"index":"index","follow":"follow","max-snippet":"max-snippet:-1","max-image-preview":"max-image-preview:large","max-video-preview":"max-video-preview:-1"},"canonical":"https:\/\/piano-piano.org\/en\/lassociation\/lequipe\/","og_locale":"en_US","og_type":"article","og_title":"L'\u00e9quipe ~ Piano-Piano","og_description":"The Piano-Piano association is an ambassador of the repertoire for piano duo","og_url":"https:\/\/piano-piano.org\/en\/lassociation\/lequipe\/","og_site_name":"Piano-Piano","article_publisher":"https:\/\/www.facebook.com\/RungisPianoPiano\/","article_modified_time":"2025-10-25T19:35:36+00:00","og_image":[{"width":1200,"height":627,"url":"https:\/\/piano-piano.org\/wp-content\/uploads\/2021\/05\/image-facebook.png","type":"image\/png"}],"twitter_card":"summary_large_image","twitter_site":"@rungispiano","twitter_misc":{"Est. reading time":"3 minutes"},"schema":{"@context":"https:\/\/schema.org","@graph":[{"@type":"WebPage","@id":"https:\/\/piano-piano.org\/en\/lassociation\/lequipe\/","url":"https:\/\/piano-piano.org\/en\/lassociation\/lequipe\/","name":"L'\u00e9quipe ~ Piano-Piano","isPartOf":{"@id":"https:\/\/piano-piano.org\/en\/#website"},"datePublished":"2022-09-26T22:38:12+00:00","dateModified":"2025-10-25T19:35:36+00:00","description":"The Piano-Piano association is an ambassador of the repertoire for piano duo","breadcrumb":{"@id":"https:\/\/piano-piano.org\/en\/lassociation\/lequipe\/#breadcrumb"},"inLanguage":"en-US","potentialAction":[{"@type":"ReadAction","target":["https:\/\/piano-piano.org\/en\/lassociation\/lequipe\/"]}]},{"@type":"BreadcrumbList","@id":"https:\/\/piano-piano.org\/en\/lassociation\/lequipe\/#breadcrumb","itemListElement":[{"@type":"ListItem","position":1,"name":"Accueil","item":"https:\/\/piano-piano.org\/"},{"@type":"ListItem","position":2,"name":"l&rsquo;association","item":"https:\/\/piano-piano.org\/lassociation\/"},{"@type":"ListItem","position":3,"name":"L&#8217;\u00e9quipe"}]},{"@type":"WebSite","@id":"https:\/\/piano-piano.org\/en\/#website","url":"https:\/\/piano-piano.org\/en\/","name":"Piano-Piano","description":"","publisher":{"@id":"https:\/\/piano-piano.org\/en\/#organization"},"potentialAction":[{"@type":"SearchAction","target":{"@type":"EntryPoint","urlTemplate":"https:\/\/piano-piano.org\/en\/?s={search_term_string}"},"query-input":"required name=search_term_string"}],"inLanguage":"en-US"},{"@type":"Organization","@id":"https:\/\/piano-piano.org\/en\/#organization","name":"Piano-Piano Association","url":"https:\/\/piano-piano.org\/en\/","logo":{"@type":"ImageObject","inLanguage":"en-US","@id":"https:\/\/piano-piano.org\/en\/#\/schema\/logo\/image\/","url":"https:\/\/piano-piano.org\/wp-content\/uploads\/2022\/07\/motif-recadre-2022.png","contentUrl":"https:\/\/piano-piano.org\/wp-content\/uploads\/2022\/07\/motif-recadre-2022.png","width":900,"height":600,"caption":"Piano-Piano Association"},"image":{"@id":"https:\/\/piano-piano.org\/en\/#\/schema\/logo\/image\/"},"sameAs":["https:\/\/www.facebook.com\/RungisPianoPiano\/","https:\/\/twitter.com\/rungispiano","https:\/\/www.instagram.com\/rungispianopiano"]}]}},"_links":{"self":[{"href":"https:\/\/piano-piano.org\/en\/wp-json\/wp\/v2\/pages\/4092"}],"collection":[{"href":"https:\/\/piano-piano.org\/en\/wp-json\/wp\/v2\/pages"}],"about":[{"href":"https:\/\/piano-piano.org\/en\/wp-json\/wp\/v2\/types\/page"}],"author":[{"embeddable":true,"href":"https:\/\/piano-piano.org\/en\/wp-json\/wp\/v2\/users\/15"}],"replies":[{"embeddable":true,"href":"https:\/\/piano-piano.org\/en\/wp-json\/wp\/v2\/comments?post=4092"}],"version-history":[{"count":25,"href":"https:\/\/piano-piano.org\/en\/wp-json\/wp\/v2\/pages\/4092\/revisions"}],"predecessor-version":[{"id":4660,"href":"https:\/\/piano-piano.org\/en\/wp-json\/wp\/v2\/pages\/4092\/revisions\/4660"}],"up":[{"embeddable":true,"href":"https:\/\/piano-piano.org\/en\/wp-json\/wp\/v2\/pages\/3854"}],"wp:attachment":[{"href":"https:\/\/piano-piano.org\/en\/wp-json\/wp\/v2\/media?parent=4092"}],"curies":[{"name":"wp","href":"https:\/\/api.w.org\/{rel}","templated":true}]}}