{"id":1048,"date":"2020-04-07T10:17:04","date_gmt":"2020-04-07T08:17:04","guid":{"rendered":"https:\/\/preprod.rungispianopiano-festival.com\/?page_id=1048"},"modified":"2021-05-21T14:22:54","modified_gmt":"2021-05-21T12:22:54","slug":"inscription-newsletter","status":"publish","type":"page","link":"https:\/\/piano-piano.org\/en\/inscription-newsletter\/","title":{"rendered":"Inscription Newsletter"},"content":{"rendered":"<div  data-font-color=\"dark\" class=\"wvc-clearfix  wvc-row wvc-parent-row wvc-row-width-wide wvc-row-layout-column wvc-video-bg-is-mute wvc-row-bg-effect-none wvc-row-bg-default wvc-font-dark wvc-border-color-none wvc-background-color-default wvc-row-content-placement-default wvc-row-columns-placement-default section\" style=\"\"><div class=\"wvc-row-wrapper wvc-row-wrapper-width-standard wvc-row-column-equal-height-\" style=\"\"><div class=\"wvc-row-content\"><div class=\"wvc-columns-container\" style=\"\"><div id=\"wvc-col-741\" class=\"wvc-col-12 wvc-column wvc-column-content-placement-default wvc-column-content-type-default wvc-column-content-alignment-center wvc-column-text-alignment-default\" data-base-width-int=\"12\" style=\"\"><div class=\"wvc-column-container wvc-column-bg-default wvc-column-bg-effect-none wvc-font-inherit wvc-column-font-inherit wvc-column-style-none wvc-border-color-none wvc-background-color-default\" style=\"\"><div class=\"wvc-column-inner\"><div class=\"wvc-column-wrapper wpb_wrapper\" style=\"\"><div  class=\"wvc-mobile-text-align- wvc-breadcrumb wvc-element wvc-text-left\" style=\"font-size:14px;\"><ol class=\"wvc-breadcrumb-list\" itemscope itemtype=\"https:\/\/schema.org\/BreadcrumbList\"><li itemprop=\"itemListElement\" itemscope\n itemtype=\"https:\/\/schema.org\/ListItem\"><a itemprop=\"item\" href=\"https:\/\/piano-piano.org\/en\/\"><span itemprop=\"name\">Home<\/span><\/a><meta itemprop='position' content='1' \/><\/li><span class=\"wvc-breadcrumb-delimiter\">\/<\/span><\/ol><\/div><div class=\"wvc-custom-heading wvc-element wvc-text-align-left\" style=\"\"><h2 style=\"font-weight:700;text-align:left;line-height:1.5;\" class=\"wvc-mobile-text-align- wvc-text-color-default\"\n\t\tdata-heading-text=\"Inscrivez-vous \u00e0 notre newsletter\"\n\t\tdata-max-font-size=\"0\"\n\t\tdata-min-font-size=\"18\">Subscribe to our newsletter<\/h2><\/div><\/div><!--.wvc-column-wrapper--><\/div><!--.wvc-column-inner--><\/div><!--.wvc-column-container--><\/div><!--.wvc-column--><\/div><!--.wvc-columns-container--><\/div><!--.wvc-row-content--><\/div><!--.wvc-row-wrapper--><\/div><!--.wvc-row--><div  data-font-color=\"dark\" class=\"wvc-clearfix  wvc-row wvc-parent-row wvc-row-width-wide wvc-row-layout-column wvc-video-bg-is-mute wvc-row-bg-effect-none wvc-row-bg-image wvc-font-dark wvc-border-color-none wvc-background-color-default wvc-row-content-placement-default wvc-row-columns-placement-default section\" style=\"\"><div class=\"wvc-row-wrapper wvc-row-wrapper-width-standard wvc-row-column-equal-height-\" style=\"\"><div class=\"wvc-row-content\"><div class=\"wvc-columns-container\" style=\"\"><div id=\"wvc-col-1518\" class=\"wvc-col-12 wvc-column wvc-column-content-placement-default wvc-column-content-type-default wvc-column-content-alignment-center wvc-column-text-alignment-default\" data-base-width-int=\"12\" style=\"\"><div class=\"wvc-column-container wvc-column-bg-default wvc-column-bg-effect-none wvc-font-inherit wvc-column-font-inherit wvc-column-style-none wvc-border-color-none wvc-background-color-default\" style=\"\"><div class=\"wvc-column-inner\"><div class=\"wvc-column-wrapper wpb_wrapper\" style=\"\"><div class=\"wvc-separator-align_center wvc-separator wvc-clearfix wvc-mobile-align- wvc-border-color-default wvc-separator-horizontal\" style=\"border-bottom-width:1px;border-top-width: 0;width:100%;height:0;border-style:solid;\"><\/div><!--.wvc-separator--><div class=\"wvc-clearfix  wvc-row-inner wvc-row-content wvc-row-inner-layout-column wvc-font-inherit wvc-row-bg-default wvc-row-bg-effect-none wvc-border-color-none\" style=\"\"><div class=\"wvc-row-inner-wrapper wvc-row-inner-wrapper-width-inherit wvc-row-inner-column-equal-height- wvc-row-inner-content-placement- wvc-background-color-default\"><div class=\"wvc-row-inner-content\"><div id=\"wvc-col-3507\" class=\"wvc-col-6 wvc-column wvc-inner-column wvc-column-content-placement-center wvc-column-content-type-default wvc-column-content-alignment-center wvc-column-text-alignment-default\" data-base-width-int=\"6\" style=\"\"><div class=\"wvc-column-container wvc-column-bg-default wvc-column-bg-effect-none wvc-font-inherit wvc-column-style-none wvc-border-color-none wvc-background-color-default\" style=\"\"><div class=\"wvc-column-inner\"><div class=\"wvc-column-wrapper wpb_wrapper\" style=\"\"><div class=\"wvc-text-block wvc-clearfix wvc-element wvc-mobile-text-align-\" style=\"\"><div class=\"wbp_wrapper\"><p><span style=\"color: #000000\"><strong>Indiquez votre adresse mail, et si vous acceptez de recevoir notre newsletter et nos offres commerciales par voie \u00e9lectronique.<\/strong><\/span><\/p>\n<\/div><!--.wbp_wrapper--><\/div><!--.wvc-text-block--><\/div><!--.wvc-column-wrapper--><\/div><!--.wvc-column-inner--><\/div><!--.wvc-column-container--><\/div><!--.wvc-column--><div id=\"wvc-col-1686\" class=\"wvc-col-6 wvc-column wvc-inner-column wvc-column-content-placement-center wvc-column-content-type-default wvc-column-content-alignment-center wvc-column-text-alignment-default\" data-base-width-int=\"6\" style=\"\"><div class=\"wvc-column-container wvc-column-bg-default wvc-column-bg-effect-none wvc-font-inherit wvc-column-style-none wvc-border-color-none wvc-background-color-default\" style=\"\"><div class=\"wvc-column-inner\"><div class=\"wvc-column-wrapper wpb_wrapper\" style=\"\">\n\t<div class=\"wpb_raw_code wpb_content_element wpb_raw_html\" >\n\t\t<div class=\"wpb_wrapper\">\n\t\t\t\t\t\t\n\t\t\t<form id=\"sib_signup_form_1\" method=\"post\" class=\"sib_signup_form\" action=\"\">\n\t\t\t\t<div class=\"sib_loader\" style=\"display:none;\"><img\n\t\t\t\t\t\t\tsrc=\"https:\/\/piano-piano.org\/wp-includes\/images\/spinner.gif\" alt=\"loader\"><\/div>\n\t\t\t\t<input type=\"hidden\" name=\"sib_form_action\" value=\"subscribe_form_submit\">\n\t\t\t\t<input type=\"hidden\" name=\"sib_form_id\" value=\"1\">\n                <input type=\"hidden\" name=\"sib_form_alert_notice\" value=\"Veuillez renseigner ce champ\">\n                <input type=\"hidden\" name=\"sib_form_invalid_email_notice\" value=\"Cette adresse email n\u2019est pas valide\">\n                <input type=\"hidden\" name=\"sib_security\" value=\"cf9aca31f9\">\n\t\t\t\t<div class=\"sib_signup_box_inside_1\">\n\t\t\t\t\t<div style=\"\/*display:none*\/\" class=\"sib_msg_disp\">\n\t\t\t\t\t<\/div>\n                    \t\t\t\t\t<p class=\"sib-email-area\">\r\n    <label for=\"sib-email\" class=\"sib-email-area\">Adresse email*<\/label>\r\n    <input type=\"email\" class=\"sib-email-area\" id=\"sib-email\" name=\"email\" required=\"required\">\r\n<\/p>\r\n<p class=\"sib-NAME-area\">\r\n    <label for=\"sib-name\" class=\"sib-NAME-area\">Nom<\/label>\r\n    <input type=\"text\" class=\"sib-NAME-area\" id=\"sib-name\" name=\"Name\">\r\n<\/p>\r\n<p class=\"sib-NEWSLETTER-area\"> \r\n<input type=\"hidden\" id=\"sib-newsletter\" name=\"NEWSLETTER\" value=\"0\">\r\n    <label for=\"sib-newsletter\" class=\"sib-NEWSLETTER-area\"><input type=\"checkbox\" value=\"1\" class=\"sib-checkbox sib-NEWSLETTER-area\" name=\"NEWSLETTER\"> <span>Je souhaite recevoir la newsletter du Rungis Piano-Piano Festival<\/span><\/label>\r\n<\/p>\r\n<p class=\"sib-INFOS_PARTENAIRES-area\"> \r\n<input type=\"hidden\" id=\"sib-partenaires\" name=\"INFOS_PARTENAIRES\" value=\"0\">\r\n    <label for=\"sib-partenaires\" class=\"sib-checkbox sib-INFOS_PARTENAIRES-area\"><input type=\"checkbox\" value=\"1\" class=\"sib-INFOS_PARTENAIRES-area\" name=\"INFOS_PARTENAIRES\"> <span>Je souhaite recevoir les informations des partenaires du Rungis Piano-Piano Festival<\/span><\/label>\r\n<\/p>\r\n<p>\r\n    <input type=\"submit\" class=\"sib-default-btn\" value=\"Je m\u2019inscris\">\r\n<\/p>\t\t\t\t<\/div>\n\t\t\t<input type=\"hidden\" name=\"trp-form-language\" value=\"en\"\/><\/form>\n\t\t\t<style>\n\t\t\t\tform#sib_signup_form_1 p.sib-alert-message {\n    padding: 6px 12px;\n    margin-bottom: 20px;\n    border: 1px solid transparent;\n    border-radius: 4px;\n    -webkit-box-sizing: border-box;\n    -moz-box-sizing: border-box;\n    box-sizing: border-box;\n}\nform#sib_signup_form_1 p.sib-alert-message-error {\n    background-color: #f2dede;\n    border-color: #ebccd1;\n    color: #a94442;\n}\nform#sib_signup_form_1 p.sib-alert-message-success {\n    background-color: #dff0d8;\n    border-color: #d6e9c6;\n    color: #3c763d;\n}\nform#sib_signup_form_1 p.sib-alert-message-warning {\n    background-color: #fcf8e3;\n    border-color: #faebcc;\n    color: #8a6d3b;\n}\n\t\t\t<\/style>\n\t\t\t\n\t\t<\/div>\n\t<\/div>\n<\/div><!--.wvc-column-wrapper--><\/div><!--.wvc-column-inner--><\/div><!--.wvc-column-container--><\/div><!--.wvc-column--><\/div><!--.wvc-row-content--><\/div><!--.wvc-row-inner-wrapper--><\/div><!--.wvc-row--><\/div><!--.wvc-column-wrapper--><\/div><!--.wvc-column-inner--><\/div><!--.wvc-column-container--><\/div><!--.wvc-column--><\/div><!--.wvc-columns-container--><\/div><!--.wvc-row-content--><\/div><!--.wvc-row-wrapper--><\/div><!--.wvc-row--><\/p>","protected":false},"excerpt":{"rendered":"Accueil\/Inscrivez-vous \u00e0 notre newsletterIndiquez votre adresse mail, et si vous acceptez de recevoir notre newsletter et nos offres commerciales par voie \u00e9lectronique. Adresse email* Nom Je souhaite recevoir la newsletter du Rungis Piano-Piano Festival Je souhaite recevoir les informations des partenaires du Rungis Piano-Piano Festival","protected":false},"author":2,"featured_media":0,"parent":0,"menu_order":0,"comment_status":"closed","ping_status":"closed","template":"","meta":{"_monsterinsights_skip_tracking":false,"_monsterinsights_sitenote_active":false,"_monsterinsights_sitenote_note":"","_monsterinsights_sitenote_category":0},"yoast_head":"<!-- This site is optimized with the Yoast SEO plugin v20.2.1 - https:\/\/yoast.com\/wordpress\/plugins\/seo\/ -->\n<title>Inscription Newsletter ~ Piano-Piano<\/title>\n<meta name=\"description\" content=\"Inscrivez-vous \u00e0 notre newsletter pour recevoir nos derni\u00e8res informations ainsi que nos offres commerciales par voie \u00e9lectronique.\" \/>\n<meta name=\"robots\" content=\"index, follow, max-snippet:-1, max-image-preview:large, max-video-preview:-1\" \/>\n<link rel=\"canonical\" href=\"https:\/\/piano-piano.org\/en\/inscription-newsletter\/\" \/>\n<meta property=\"og:locale\" content=\"en_US\" \/>\n<meta property=\"og:type\" content=\"article\" \/>\n<meta property=\"og:title\" content=\"Inscription Newsletter - Rungis Piano-Piano Festival\" \/>\n<meta property=\"og:description\" content=\"Inscrivez-vous \u00e0 notre newsletter pour recevoir nos derni\u00e8res informations ainsi que nos offres commerciales par voie \u00e9lectronique.\" \/>\n<meta property=\"og:url\" content=\"https:\/\/piano-piano.org\/en\/inscription-newsletter\/\" \/>\n<meta property=\"og:site_name\" content=\"Piano-Piano\" \/>\n<meta property=\"article:publisher\" content=\"https:\/\/www.facebook.com\/RungisPianoPiano\/\" \/>\n<meta property=\"article:modified_time\" content=\"2021-05-21T12:22:54+00:00\" \/>\n<meta property=\"og:image\" content=\"https:\/\/piano-piano.org\/wp-content\/uploads\/2020\/04\/piano-piano-main.jpg\" \/>\n\t<meta property=\"og:image:width\" content=\"1900\" \/>\n\t<meta property=\"og:image:height\" content=\"1280\" \/>\n\t<meta property=\"og:image:type\" content=\"image\/jpeg\" \/>\n<meta name=\"twitter:card\" content=\"summary_large_image\" \/>\n<meta name=\"twitter:title\" content=\"Inscription Newsletter - Rungis Piano-Piano Festival\" \/>\n<meta name=\"twitter:description\" content=\"Inscrivez-vous \u00e0 notre newsletter pour recevoir nos derni\u00e8res informations ainsi que nos offres commerciales par voie \u00e9lectronique.\" \/>\n<meta name=\"twitter:image\" content=\"https:\/\/piano-piano.org\/wp-content\/uploads\/2020\/04\/piano-piano-main.jpg\" \/>\n<meta name=\"twitter:site\" content=\"@rungispiano\" \/>\n<meta name=\"twitter:label1\" content=\"Est. reading time\" \/>\n\t<meta name=\"twitter:data1\" content=\"1 minute\" \/>\n<script type=\"application\/ld+json\" class=\"yoast-schema-graph\">{\"@context\":\"https:\/\/schema.org\",\"@graph\":[{\"@type\":\"WebPage\",\"@id\":\"https:\/\/piano-piano.org\/en\/inscription-newsletter\/\",\"url\":\"https:\/\/piano-piano.org\/en\/inscription-newsletter\/\",\"name\":\"Inscription Newsletter ~ Piano-Piano\",\"isPartOf\":{\"@id\":\"https:\/\/piano-piano.org\/en\/#website\"},\"datePublished\":\"2020-04-07T08:17:04+00:00\",\"dateModified\":\"2021-05-21T12:22:54+00:00\",\"description\":\"Inscrivez-vous \u00e0 notre newsletter pour recevoir nos derni\u00e8res informations ainsi que nos offres commerciales par voie \u00e9lectronique.\",\"breadcrumb\":{\"@id\":\"https:\/\/piano-piano.org\/en\/inscription-newsletter\/#breadcrumb\"},\"inLanguage\":\"en-US\",\"potentialAction\":[{\"@type\":\"ReadAction\",\"target\":[\"https:\/\/piano-piano.org\/en\/inscription-newsletter\/\"]}]},{\"@type\":\"BreadcrumbList\",\"@id\":\"https:\/\/piano-piano.org\/en\/inscription-newsletter\/#breadcrumb\",\"itemListElement\":[{\"@type\":\"ListItem\",\"position\":1,\"name\":\"Accueil\",\"item\":\"https:\/\/piano-piano.org\/\"},{\"@type\":\"ListItem\",\"position\":2,\"name\":\"Inscription Newsletter\"}]},{\"@type\":\"WebSite\",\"@id\":\"https:\/\/piano-piano.org\/en\/#website\",\"url\":\"https:\/\/piano-piano.org\/en\/\",\"name\":\"Piano-Piano\",\"description\":\"\",\"publisher\":{\"@id\":\"https:\/\/piano-piano.org\/en\/#organization\"},\"potentialAction\":[{\"@type\":\"SearchAction\",\"target\":{\"@type\":\"EntryPoint\",\"urlTemplate\":\"https:\/\/piano-piano.org\/en\/?s={search_term_string}\"},\"query-input\":\"required name=search_term_string\"}],\"inLanguage\":\"en-US\"},{\"@type\":\"Organization\",\"@id\":\"https:\/\/piano-piano.org\/en\/#organization\",\"name\":\"Piano-Piano Association\",\"url\":\"https:\/\/piano-piano.org\/en\/\",\"logo\":{\"@type\":\"ImageObject\",\"inLanguage\":\"en-US\",\"@id\":\"https:\/\/piano-piano.org\/en\/#\/schema\/logo\/image\/\",\"url\":\"https:\/\/piano-piano.org\/wp-content\/uploads\/2022\/07\/motif-recadre-2022.png\",\"contentUrl\":\"https:\/\/piano-piano.org\/wp-content\/uploads\/2022\/07\/motif-recadre-2022.png\",\"width\":900,\"height\":600,\"caption\":\"Piano-Piano Association\"},\"image\":{\"@id\":\"https:\/\/piano-piano.org\/en\/#\/schema\/logo\/image\/\"},\"sameAs\":[\"https:\/\/www.facebook.com\/RungisPianoPiano\/\",\"https:\/\/twitter.com\/rungispiano\",\"https:\/\/www.instagram.com\/rungispianopiano\"]}]}<\/script>\n<!-- \/ Yoast SEO plugin. -->","yoast_head_json":{"title":"Inscription Newsletter ~ Piano-Piano","description":"Inscrivez-vous \u00e0 notre newsletter pour recevoir nos derni\u00e8res informations ainsi que nos offres commerciales par voie \u00e9lectronique.","robots":{"index":"index","follow":"follow","max-snippet":"max-snippet:-1","max-image-preview":"max-image-preview:large","max-video-preview":"max-video-preview:-1"},"canonical":"https:\/\/piano-piano.org\/en\/inscription-newsletter\/","og_locale":"en_US","og_type":"article","og_title":"Inscription Newsletter - Rungis Piano-Piano Festival","og_description":"Inscrivez-vous \u00e0 notre newsletter pour recevoir nos derni\u00e8res informations ainsi que nos offres commerciales par voie \u00e9lectronique.","og_url":"https:\/\/piano-piano.org\/en\/inscription-newsletter\/","og_site_name":"Piano-Piano","article_publisher":"https:\/\/www.facebook.com\/RungisPianoPiano\/","article_modified_time":"2021-05-21T12:22:54+00:00","og_image":[{"width":1900,"height":1280,"url":"https:\/\/piano-piano.org\/wp-content\/uploads\/2020\/04\/piano-piano-main.jpg","type":"image\/jpeg"}],"twitter_card":"summary_large_image","twitter_title":"Inscription Newsletter - Rungis Piano-Piano Festival","twitter_description":"Inscrivez-vous \u00e0 notre newsletter pour recevoir nos derni\u00e8res informations ainsi que nos offres commerciales par voie \u00e9lectronique.","twitter_image":"https:\/\/piano-piano.org\/wp-content\/uploads\/2020\/04\/piano-piano-main.jpg","twitter_site":"@rungispiano","twitter_misc":{"Est. reading time":"1 minute"},"schema":{"@context":"https:\/\/schema.org","@graph":[{"@type":"WebPage","@id":"https:\/\/piano-piano.org\/en\/inscription-newsletter\/","url":"https:\/\/piano-piano.org\/en\/inscription-newsletter\/","name":"Inscription Newsletter ~ Piano-Piano","isPartOf":{"@id":"https:\/\/piano-piano.org\/en\/#website"},"datePublished":"2020-04-07T08:17:04+00:00","dateModified":"2021-05-21T12:22:54+00:00","description":"Inscrivez-vous \u00e0 notre newsletter pour recevoir nos derni\u00e8res informations ainsi que nos offres commerciales par voie \u00e9lectronique.","breadcrumb":{"@id":"https:\/\/piano-piano.org\/en\/inscription-newsletter\/#breadcrumb"},"inLanguage":"en-US","potentialAction":[{"@type":"ReadAction","target":["https:\/\/piano-piano.org\/en\/inscription-newsletter\/"]}]},{"@type":"BreadcrumbList","@id":"https:\/\/piano-piano.org\/en\/inscription-newsletter\/#breadcrumb","itemListElement":[{"@type":"ListItem","position":1,"name":"Accueil","item":"https:\/\/piano-piano.org\/"},{"@type":"ListItem","position":2,"name":"Inscription Newsletter"}]},{"@type":"WebSite","@id":"https:\/\/piano-piano.org\/en\/#website","url":"https:\/\/piano-piano.org\/en\/","name":"Piano-Piano","description":"","publisher":{"@id":"https:\/\/piano-piano.org\/en\/#organization"},"potentialAction":[{"@type":"SearchAction","target":{"@type":"EntryPoint","urlTemplate":"https:\/\/piano-piano.org\/en\/?s={search_term_string}"},"query-input":"required name=search_term_string"}],"inLanguage":"en-US"},{"@type":"Organization","@id":"https:\/\/piano-piano.org\/en\/#organization","name":"Piano-Piano Association","url":"https:\/\/piano-piano.org\/en\/","logo":{"@type":"ImageObject","inLanguage":"en-US","@id":"https:\/\/piano-piano.org\/en\/#\/schema\/logo\/image\/","url":"https:\/\/piano-piano.org\/wp-content\/uploads\/2022\/07\/motif-recadre-2022.png","contentUrl":"https:\/\/piano-piano.org\/wp-content\/uploads\/2022\/07\/motif-recadre-2022.png","width":900,"height":600,"caption":"Piano-Piano Association"},"image":{"@id":"https:\/\/piano-piano.org\/en\/#\/schema\/logo\/image\/"},"sameAs":["https:\/\/www.facebook.com\/RungisPianoPiano\/","https:\/\/twitter.com\/rungispiano","https:\/\/www.instagram.com\/rungispianopiano"]}]}},"_links":{"self":[{"href":"https:\/\/piano-piano.org\/en\/wp-json\/wp\/v2\/pages\/1048"}],"collection":[{"href":"https:\/\/piano-piano.org\/en\/wp-json\/wp\/v2\/pages"}],"about":[{"href":"https:\/\/piano-piano.org\/en\/wp-json\/wp\/v2\/types\/page"}],"author":[{"embeddable":true,"href":"https:\/\/piano-piano.org\/en\/wp-json\/wp\/v2\/users\/2"}],"replies":[{"embeddable":true,"href":"https:\/\/piano-piano.org\/en\/wp-json\/wp\/v2\/comments?post=1048"}],"version-history":[{"count":12,"href":"https:\/\/piano-piano.org\/en\/wp-json\/wp\/v2\/pages\/1048\/revisions"}],"predecessor-version":[{"id":2426,"href":"https:\/\/piano-piano.org\/en\/wp-json\/wp\/v2\/pages\/1048\/revisions\/2426"}],"wp:attachment":[{"href":"https:\/\/piano-piano.org\/en\/wp-json\/wp\/v2\/media?parent=1048"}],"curies":[{"name":"wp","href":"https:\/\/api.w.org\/{rel}","templated":true}]}}